{"id":272105,"date":"2021-03-04T06:34:56","date_gmt":"2021-03-04T05:34:56","guid":{"rendered":"https:\/\/mapit.me\/politica-de-cookies\/"},"modified":"2024-12-30T15:20:38","modified_gmt":"2024-12-30T14:20:38","slug":"politica-de-cookies","status":"publish","type":"page","link":"https:\/\/mapit.me\/pt-pt\/politica-de-cookies\/","title":{"rendered":"Pol\u00edtica de cookies"},"content":{"rendered":"<p>[et_pb_section fb_built=&#8221;1&#8243; _builder_version=&#8221;4.16&#8243; _module_preset=&#8221;default&#8221; custom_padding=&#8221;65px|||||&#8221; global_colors_info=&#8221;{}&#8221;][et_pb_row _builder_version=&#8221;4.16&#8243; _module_preset=&#8221;default&#8221; custom_padding=&#8221;0px|||||&#8221; global_colors_info=&#8221;{}&#8221;][et_pb_column type=&#8221;4_4&#8243; _builder_version=&#8221;4.16&#8243; _module_preset=&#8221;default&#8221; global_colors_info=&#8221;{}&#8221;][et_pb_text _builder_version=&#8221;4.23.1&#8243; _module_preset=&#8221;default&#8221; text_font=&#8221;Proxima Nova Bold||||||||&#8221; text_text_color=&#8221;#000000&#8243; text_font_size=&#8221;30px&#8221; global_colors_info=&#8221;{}&#8221;]<\/p>\n<p>Pol\u00edtica de cookies<\/p>\n<p>[\/et_pb_text][et_pb_text _builder_version=&#8221;4.27.0&#8243; _module_preset=&#8221;default&#8221; inline_fonts=&#8221;Proxima Nova Bold,Proxima Nova Regular&#8221; global_colors_info=&#8221;{}&#8221;]<\/p>\n<p data-renderer-start-pos=\"22\">Este s\u00edtio Web utiliza cookies para melhorar a experi\u00eancia do utilizador. Abaixo encontras informa\u00e7\u00f5es sobre o que s\u00e3o cookies, que tipo de cookies este site utiliza, como podes desativar os cookies no teu browser e como desativar especificamente a instala\u00e7\u00e3o de cookies de terceiros. Se n\u00e3o encontrares a informa\u00e7\u00e3o espec\u00edfica que procuras, envia um e-mail para <a class=\"sc-eerKOB ixCYSr\" href=\"mailto:info@mapit.me\" title=\"mailto:info@mapit.me\" data-renderer-mark=\"true\">info@mapit.me.<\/a>  <\/p>\n<blockquote><\/blockquote>\n<p data-renderer-start-pos=\"436\"><span style=\"color: #222222; font-family: 'Proxima Nova Bold'; font-weight: normal; font-size: large;\"><strong data-renderer-mark=\"true\">Aviso importante<\/strong><\/span><\/p>\n<p data-renderer-start-pos=\"450\">De acordo com a normativa espanhola que regula a utiliza\u00e7\u00e3o de cookies em rela\u00e7\u00e3o \u00e0 presta\u00e7\u00e3o de servi\u00e7os de comunica\u00e7\u00f5es electr\u00f3nicas, contida no Real Decreto Lei 13\/2012, de 30 de mar\u00e7o, informamos-te sobre os cookies utilizados no site da Mapit IoT SL (tamb\u00e9m o fornecedor) e o motivo da sua utiliza\u00e7\u00e3o. Informa-te tamb\u00e9m que, ao navegar no site, est\u00e1s a dar o teu consentimento para a sua utiliza\u00e7\u00e3o. <\/p>\n<blockquote>\n<p data-renderer-start-pos=\"892\"><span style=\"font-family: 'Proxima Nova Bold'; font-weight: normal; color: #222222;\"><strong data-renderer-mark=\"true\">O QUE S\u00c3O BOLACHAS?<\/strong><\/span><\/p>\n<\/blockquote>\n<p data-renderer-start-pos=\"915\">Um cookie \u00e9 um ficheiro que \u00e9 descarregado para o teu computador quando acedes a determinados s\u00edtios Web. Os cookies permitem a um s\u00edtio Web, entre outras coisas, armazenar e recuperar informa\u00e7\u00f5es sobre os h\u00e1bitos de navega\u00e7\u00e3o de um utilizador ou do seu computador e, em fun\u00e7\u00e3o das informa\u00e7\u00f5es que cont\u00eam e da forma como utiliza o seu computador, podem ser utilizados para reconhecer o utilizador. Os cookies est\u00e3o apenas associados a um utilizador an\u00f3nimo e ao seu computador ou dispositivo e n\u00e3o fornecem refer\u00eancias que permitam conhecer os seus dados pessoais.  <\/p>\n<blockquote>\n<p data-renderer-start-pos=\"1454\"><span style=\"color: #222222; font-family: 'Proxima Nova Bold'; font-weight: normal;\"><strong data-renderer-mark=\"true\">COOKIES AFECTADOS PELO REGULAMENTO E COOKIES ISENTOS<\/strong><\/span><\/p>\n<\/blockquote>\n<p data-renderer-start-pos=\"1508\">De acordo com a diretiva da UE, os cookies que exigem o consentimento informado do utilizador s\u00e3o os cookies anal\u00edticos e os cookies de publicidade e afilia\u00e7\u00e3o, com exce\u00e7\u00e3o dos de natureza t\u00e9cnica e dos necess\u00e1rios para o funcionamento do s\u00edtio Web ou para a presta\u00e7\u00e3o de servi\u00e7os expressamente solicitados pelo utilizador.<\/p>\n<blockquote>\n<p><span style=\"color: #222222; font-family: 'Proxima Nova Bold'; font-weight: normal;\"><strong data-renderer-mark=\"true\">TIPOS DE COOKIES<\/strong><\/span><\/p>\n<\/blockquote>\n<p data-renderer-start-pos=\"1863\">a) Dependendo da entidade que os gere, existem cookies pr\u00f3prios (aqueles que s\u00e3o enviados para o equipamento terminal do utilizador a partir de um computador ou dom\u00ednio gerido pelo pr\u00f3prio editor e a partir do qual \u00e9 prestado o servi\u00e7o solicitado pelo utilizador) e cookies de terceiros (aqueles que s\u00e3o enviados para o equipamento terminal do utilizador a partir de um computador ou dom\u00ednio que n\u00e3o \u00e9 gerido pelo editor, mas por outra entidade que processa os dados obtidos atrav\u00e9s dos cookies).<\/p>\n<p data-renderer-start-pos=\"2301\">b) Em fun\u00e7\u00e3o do tempo que permanecem activos, existem cookies de sess\u00e3o (concebidos para recolher e armazenar dados enquanto o utilizador acede a uma p\u00e1gina Web) e cookies persistentes (em que os dados s\u00e3o armazenados no terminal e podem ser acedidos e tratados durante um per\u00edodo definido pelo respons\u00e1vel pelo cookie, que pode ir de alguns minutos a v\u00e1rios anos).<\/p>\n<p data-renderer-start-pos=\"2660\">(c) Dependendo da finalidade para a qual tratam as informa\u00e7\u00f5es que recolhem, podem ser:<\/p>\n<p data-renderer-start-pos=\"2744\">&#8211; Cookies t\u00e9cnicos (necess\u00e1rios para a utiliza\u00e7\u00e3o do s\u00edtio Web e a presta\u00e7\u00e3o do servi\u00e7o contratado),<\/p>\n<p data-renderer-start-pos=\"2841\">&#8211; Cookies de personaliza\u00e7\u00e3o (que permitem ao utilizador aceder ao servi\u00e7o com carater\u00edsticas predefinidas, como a l\u00edngua, o tipo de navegador, a configura\u00e7\u00e3o regional, etc.).<\/p>\n<p data-renderer-start-pos=\"3027\">&#8211; Cookies de an\u00e1lise (recolhe informa\u00e7\u00f5es sobre a utiliza\u00e7\u00e3o do s\u00edtio Web),<\/p>\n<p data-renderer-start-pos=\"3105\">&#8211; Cookies de publicidade (recolhe informa\u00e7\u00f5es sobre as prefer\u00eancias e escolhas pessoais dos utilizadores),<\/p>\n<p data-renderer-start-pos=\"3216\">&#8211; Cookies de afiliados (permitem o rastreio de visitas de outros s\u00edtios Web com os quais o s\u00edtio Web tem um contrato de afilia\u00e7\u00e3o).<\/p>\n<blockquote>\n<p data-renderer-start-pos=\"3379\"><span style=\"font-family: 'Proxima Nova Bold'; font-weight: normal; color: #222222;\"><strong data-renderer-mark=\"true\">TIPOS DE COOKIES UTILIZADOS POR ESTE S\u00cdTIO WEB<\/strong><\/span><\/p>\n<\/blockquote>\n<p data-renderer-start-pos=\"3427\">Os cookies utilizados no nosso site s\u00e3o cookies de sess\u00e3o e de terceiros e permitem-nos armazenar e aceder a informa\u00e7\u00f5es relativas ao idioma, ao tipo de navegador utilizado e a outras carater\u00edsticas gerais predefinidas pelo utilizador, bem como seguir e analisar a atividade realizada pelo utilizador para melhorar e prestar os nossos servi\u00e7os de forma mais eficiente e personalizada. Os cookies utilizados s\u00e3o, em qualquer caso, de car\u00e1cter tempor\u00e1rio, com o \u00fanico objetivo de tornar a navega\u00e7\u00e3o mais eficiente. Estes cookies n\u00e3o fornecem, em caso algum, dados pessoais e n\u00e3o s\u00e3o utilizados para recolher tais dados.  <\/p>\n<p data-renderer-start-pos=\"4055\">A utiliza\u00e7\u00e3o de cookies oferece vantagens, tais como, por exemplo:<\/p>\n<p data-renderer-start-pos=\"4122\">&#8211; facilita a navega\u00e7\u00e3o do utilizador e o acesso aos diferentes servi\u00e7os oferecidos por este s\u00edtio Web;<\/p>\n<p data-renderer-start-pos=\"4226\">&#8211; Evita que o utilizador tenha de configurar as carater\u00edsticas gerais predefinidas de cada vez que acede ao s\u00edtio Web; e<\/p>\n<p data-renderer-start-pos=\"4347\">&#8211; Favorece a melhoria do funcionamento e dos servi\u00e7os prestados atrav\u00e9s deste site, ap\u00f3s a correspondente an\u00e1lise da informa\u00e7\u00e3o obtida atrav\u00e9s dos cookies instalados.<\/p>\n<p data-renderer-start-pos=\"4541\">Ao aceder ao nosso site, \u00e9s informado de que, se continuares a navegar, ser\u00e3o instalados v\u00e1rios cookies de terceiros, consentindo assim a instala\u00e7\u00e3o de determinados cookies cuja \u00fanica finalidade \u00e9 registar os acessos ao nosso site para elaborar estat\u00edsticas an\u00f3nimas sobre as visitas, recolhendo sempre informa\u00e7\u00f5es de forma an\u00f3nima. N\u00e3o \u00e9 necess\u00e1rio aceitar a instala\u00e7\u00e3o destes cookies, continuar\u00e1s a poder navegar no nosso s\u00edtio Web. <\/p>\n<p data-renderer-start-pos=\"5006\">Os cookies das redes sociais podem ser instalados em v\u00e1rias sec\u00e7\u00f5es do nosso s\u00edtio Web.<\/p>\n<blockquote>\n<p data-renderer-start-pos=\"5093\"><span style=\"color: #222222; font-family: 'Proxima Nova Bold';\"><strong data-renderer-mark=\"true\">REVOGA\u00c7\u00c3O<\/strong><\/span><\/p>\n<\/blockquote>\n<p data-renderer-start-pos=\"5105\">Podes aceder \u00e0s defini\u00e7\u00f5es do teu navegador a qualquer momento, aceitando ou rejeitando todos os cookies, ou selecionando os cookies que aceitas e os que n\u00e3o aceitas, seguindo um dos seguintes procedimentos, dependendo do navegador que est\u00e1s a utilizar:<\/p>\n<p data-renderer-start-pos=\"5365\">Google Chrome (no menu Ferramentas):<\/p>\n<p data-renderer-start-pos=\"5407\">&gt; &gt; &gt; Defini\u00e7\u00f5es Mostrar op\u00e7\u00f5es avan\u00e7adas Privacidade (Defini\u00e7\u00f5es de conte\u00fado) Cookies: <a class=\"sc-eerKOB ixCYSr\" href=\"https:\/\/support.google.com\/chrome\/answer\/95647?co=GENIE.Platform%3DDesktopandhl%3Des\" title=\"https:\/\/support.google.com\/chrome\/answer\/95647?co=GENIE.Platform%3DDesktopandhl%3Des\" data-renderer-mark=\"true\">https:\/\/support.google.com\/chrome\/answer\/95647?co=GENIE.Platform%3DDesktopandhl=es<\/a><\/p>\n<p data-renderer-start-pos=\"5588\">Microsoft Internet Explorer (no menu Ferramentas):<\/p>\n<p data-renderer-start-pos=\"5644\">&gt; &gt; Op\u00e7\u00f5es da Internet Privacidade Avan\u00e7ada: <a class=\"sc-eerKOB ixCYSr\" href=\"https:\/\/support.microsoft.com\/es-es\/help\/17442\/windows-internet-explorer-delete-manage-cookies\" title=\"https:\/\/support.microsoft.com\/es-es\/help\/17442\/windows-internet-explorer-delete-manage-cookies\" data-renderer-mark=\"true\">https:\/\/support.microsoft.com\/es-es\/help\/17442\/windows-internet-explorer-delete-manage-cookies<\/a><\/p>\n<p data-renderer-start-pos=\"5786\">Utiliza o Firefox:<\/p>\n<p data-renderer-start-pos=\"5796\">&gt; &gt; Op\u00e7\u00f5es Privacidade Cookies: <a class=\"sc-eerKOB ixCYSr\" href=\"https:\/\/support.mozilla.org\/es\/kb\/habilitar-y-deshabilitar-cookies-sitios-web-rastrear-preferencias\" title=\"https:\/\/support.mozilla.org\/es\/kb\/habilitar-y-deshabilitar-cookies-sitios-web-rastrear-preferencias\" data-renderer-mark=\"true\">https:\/\/support.mozilla.org\/es\/kb\/habilitar-y-deshabilitar-cookies-sitios-web-rastrear-preferencias<\/a><\/p>\n<p data-renderer-start-pos=\"5930\">Safari, iPad e iPhone:<\/p>\n<p data-renderer-start-pos=\"5954\">&gt; Prefer\u00eancias Privacidade: <a class=\"sc-eerKOB ixCYSr\" href=\"https:\/\/support.apple.com\/en-us\/HT201265\" title=\"https:\/\/support.apple.com\/en-us\/HT201265\" data-renderer-mark=\"true\">https:\/\/support.apple.com\/en-us\/HT201265<\/a><\/p>\n<p data-renderer-start-pos=\"6023\">Opera:<\/p>\n<p data-renderer-start-pos=\"6031\">&gt; &gt; &gt; Defini\u00e7\u00f5es Op\u00e7\u00f5es Cookies avan\u00e7ados: <a class=\"sc-eerKOB ixCYSr\" href=\"https:\/\/help.opera.com\/en\/latest\/web-preferences\/?#cookies\" title=\"https:\/\/help.opera.com\/en\/latest\/web-preferences\/?#cookies\" data-renderer-mark=\"true\">https:\/\/help.opera.com\/en\/latest\/web-preferences\/#cookies<\/a><\/p>\n<p data-renderer-start-pos=\"6140\">Estes navegadores est\u00e3o sujeitos a actualiza\u00e7\u00f5es ou modifica\u00e7\u00f5es, pelo que n\u00e3o podemos garantir que sejam totalmente compat\u00edveis com a vers\u00e3o do teu navegador. Tamb\u00e9m pode acontecer que estejas a utilizar outro navegador n\u00e3o abrangido por estas liga\u00e7\u00f5es, como o Konqueror, Arora, Flock, etc. Para evitar estas incompatibilidades, podes aceder-lhes diretamente a partir das op\u00e7\u00f5es do teu browser, normalmente no menu &#8220;Op\u00e7\u00f5es&#8221; na sec\u00e7\u00e3o &#8220;Privacidade&#8221;. (Consulta a ajuda do teu navegador para mais informa\u00e7\u00f5es).   <\/p>\n<blockquote>\n<p data-renderer-start-pos=\"6647\"><span style=\"color: #222222; font-family: 'Proxima Nova Bold';\"><strong data-renderer-mark=\"true\">DESACTIVAR\/DESACTIVAR E APAGAR COOKIES<\/strong><\/span><\/p>\n<\/blockquote>\n<p data-renderer-start-pos=\"6698\">Para restringir ou bloquear os cookies, podes faz\u00ea-lo atrav\u00e9s das defini\u00e7\u00f5es do teu browser.<\/p>\n<p data-renderer-start-pos=\"6791\">Se n\u00e3o quiseres que os s\u00edtios Web coloquem cookies no teu computador, podes ajustar as defini\u00e7\u00f5es do teu programa de navega\u00e7\u00e3o para que sejas notificado antes da coloca\u00e7\u00e3o de quaisquer cookies. Da mesma forma, podes ajustar as defini\u00e7\u00f5es do teu programa de navega\u00e7\u00e3o para que este rejeite todos os cookies ou apenas os cookies de terceiros. Podes tamb\u00e9m apagar os cookies que j\u00e1 se encontram no teu computador. Tem em aten\u00e7\u00e3o que ter\u00e1s de ajustar as defini\u00e7\u00f5es separadamente para cada browser e computador que utilizas.   <\/p>\n<p data-renderer-start-pos=\"7302\">Tem em aten\u00e7\u00e3o que, se n\u00e3o quiseres receber cookies, n\u00e3o podemos garantir que o nosso s\u00edtio Web funcione corretamente. Algumas funcionalidades do s\u00edtio poder\u00e3o perder-se e poder\u00e1s deixar de conseguir visualizar determinados s\u00edtios Web. Al\u00e9m disso, o facto de rejeitares os cookies n\u00e3o significa que deixes de ver an\u00fancios. Os an\u00fancios simplesmente n\u00e3o ser\u00e3o adaptados aos teus interesses e ser\u00e3o repetidos com maior frequ\u00eancia.   <\/p>\n<p data-renderer-start-pos=\"7704\">Cada browser tem um m\u00e9todo diferente para adaptar as defini\u00e7\u00f5es. Se necess\u00e1rio, consulta a fun\u00e7\u00e3o de ajuda do browser para definires as defini\u00e7\u00f5es corretas. <\/p>\n<p data-renderer-start-pos=\"7882\">Para desativar os cookies no teu telem\u00f3vel, consulta o manual do teu dispositivo para obteres mais informa\u00e7\u00f5es.<\/p>\n<p data-renderer-start-pos=\"7998\">Podes saber mais sobre cookies na Internet em <a class=\"sc-eerKOB ixCYSr\" href=\"http:\/\/www.aboutcookies.org\/\" title=\"http:\/\/www.aboutcookies.org\/\" data-renderer-mark=\"true\">http:\/\/www.aboutcookies.org\/.<\/a><\/p>\n<p data-renderer-start-pos=\"8090\">Dada a forma como a Internet e os s\u00edtios Web funcionam, nem sempre dispomos de informa\u00e7\u00f5es sobre os cookies colocados por terceiros atrav\u00e9s do nosso s\u00edtio Web. Isto aplica-se especialmente aos casos em que o nosso s\u00edtio Web cont\u00e9m os chamados elementos incorporados: textos, documentos, imagens ou curtas-metragens que s\u00e3o armazenados noutro local, mas que s\u00e3o apresentados no nosso s\u00edtio Web ou atrav\u00e9s dele. <\/p>\n<p data-renderer-start-pos=\"8533\">Por conseguinte, se encontrares esses cookies neste s\u00edtio Web e n\u00e3o estiverem listados acima, informa-nos. Em alternativa, contacta diretamente o terceiro para solicitar informa\u00e7\u00f5es sobre os cookies que este instala, a finalidade e a dura\u00e7\u00e3o do cookie e a forma como assegurou a tua privacidade. <\/p>\n<p>[\/et_pb_text][\/et_pb_column][\/et_pb_row][\/et_pb_section]<\/p>\n","protected":false},"excerpt":{"rendered":"<p>Pol\u00edtica de cookiesEste s\u00edtio Web utiliza cookies para melhorar a experi\u00eancia do utilizador. Abaixo encontras informa\u00e7\u00f5es sobre o que s\u00e3o cookies, que tipo de cookies este site utiliza, como podes desativar os cookies no teu browser e como desativar especificamente a instala\u00e7\u00e3o de cookies de terceiros. Se n\u00e3o encontrares a informa\u00e7\u00e3o espec\u00edfica que procuras, envia [&hellip;]<\/p>\n","protected":false},"author":7,"featured_media":0,"parent":0,"menu_order":0,"comment_status":"closed","ping_status":"closed","template":"","meta":{"_et_pb_use_builder":"on","_et_pb_old_content":"","_et_gb_content_width":"","inline_featured_image":false,"footnotes":""},"categories":[],"tags":[25],"class_list":["post-272105","page","type-page","status-publish","hentry","tag-embedded"],"yoast_head":"<!-- This site is optimized with the Yoast SEO plugin v27.2 - https:\/\/yoast.com\/product\/yoast-seo-wordpress\/ -->\n<title>Pol\u00edtica de cookies - Mapit<\/title>\n<meta name=\"robots\" content=\"index, follow, max-snippet:-1, max-image-preview:large, max-video-preview:-1\" \/>\n<link rel=\"canonical\" href=\"https:\/\/mapit.me\/pt-pt\/politica-de-cookies\/\" \/>\n<meta property=\"og:locale\" content=\"pt_PT\" \/>\n<meta property=\"og:type\" content=\"article\" \/>\n<meta property=\"og:title\" content=\"Pol\u00edtica de cookies - Mapit\" \/>\n<meta property=\"og:description\" content=\"Pol\u00edtica de cookiesEste s\u00edtio Web utiliza cookies para melhorar a experi\u00eancia do utilizador. Abaixo encontras informa\u00e7\u00f5es sobre o que s\u00e3o cookies, que tipo de cookies este site utiliza, como podes desativar os cookies no teu browser e como desativar especificamente a instala\u00e7\u00e3o de cookies de terceiros. Se n\u00e3o encontrares a informa\u00e7\u00e3o espec\u00edfica que procuras, envia [&hellip;]\" \/>\n<meta property=\"og:url\" content=\"https:\/\/mapit.me\/pt-pt\/politica-de-cookies\/\" \/>\n<meta property=\"og:site_name\" content=\"Mapit\" \/>\n<meta property=\"article:modified_time\" content=\"2024-12-30T14:20:38+00:00\" \/>\n<meta name=\"twitter:card\" content=\"summary_large_image\" \/>\n<meta name=\"twitter:label1\" content=\"Tempo estimado de leitura\" \/>\n\t<meta name=\"twitter:data1\" content=\"8 minutes\" \/>\n<script type=\"application\/ld+json\" class=\"yoast-schema-graph\">{\"@context\":\"https:\/\/schema.org\",\"@graph\":[{\"@type\":\"WebPage\",\"@id\":\"https:\/\/mapit.me\/pt-pt\/politica-de-cookies\/\",\"url\":\"https:\/\/mapit.me\/pt-pt\/politica-de-cookies\/\",\"name\":\"Pol\u00edtica de cookies - Mapit\",\"isPartOf\":{\"@id\":\"https:\/\/mapit.me\/pt-pt\/#website\"},\"datePublished\":\"2021-03-04T05:34:56+00:00\",\"dateModified\":\"2024-12-30T14:20:38+00:00\",\"breadcrumb\":{\"@id\":\"https:\/\/mapit.me\/pt-pt\/politica-de-cookies\/#breadcrumb\"},\"inLanguage\":\"pt-PT\",\"potentialAction\":[{\"@type\":\"ReadAction\",\"target\":[\"https:\/\/mapit.me\/pt-pt\/politica-de-cookies\/\"]}]},{\"@type\":\"BreadcrumbList\",\"@id\":\"https:\/\/mapit.me\/pt-pt\/politica-de-cookies\/#breadcrumb\",\"itemListElement\":[{\"@type\":\"ListItem\",\"position\":1,\"name\":\"Portada\",\"item\":\"https:\/\/mapit.me\/pt-pt\/\"},{\"@type\":\"ListItem\",\"position\":2,\"name\":\"Pol\u00edtica de cookies\"}]},{\"@type\":\"WebSite\",\"@id\":\"https:\/\/mapit.me\/pt-pt\/#website\",\"url\":\"https:\/\/mapit.me\/pt-pt\/\",\"name\":\"Mapit\",\"description\":\"Tu moto y t\u00fa, siempre contigo\",\"potentialAction\":[{\"@type\":\"SearchAction\",\"target\":{\"@type\":\"EntryPoint\",\"urlTemplate\":\"https:\/\/mapit.me\/pt-pt\/?s={search_term_string}\"},\"query-input\":{\"@type\":\"PropertyValueSpecification\",\"valueRequired\":true,\"valueName\":\"search_term_string\"}}],\"inLanguage\":\"pt-PT\"}]}<\/script>\n<!-- \/ Yoast SEO plugin. -->","yoast_head_json":{"title":"Pol\u00edtica de cookies - Mapit","robots":{"index":"index","follow":"follow","max-snippet":"max-snippet:-1","max-image-preview":"max-image-preview:large","max-video-preview":"max-video-preview:-1"},"canonical":"https:\/\/mapit.me\/pt-pt\/politica-de-cookies\/","og_locale":"pt_PT","og_type":"article","og_title":"Pol\u00edtica de cookies - Mapit","og_description":"Pol\u00edtica de cookiesEste s\u00edtio Web utiliza cookies para melhorar a experi\u00eancia do utilizador. Abaixo encontras informa\u00e7\u00f5es sobre o que s\u00e3o cookies, que tipo de cookies este site utiliza, como podes desativar os cookies no teu browser e como desativar especificamente a instala\u00e7\u00e3o de cookies de terceiros. Se n\u00e3o encontrares a informa\u00e7\u00e3o espec\u00edfica que procuras, envia [&hellip;]","og_url":"https:\/\/mapit.me\/pt-pt\/politica-de-cookies\/","og_site_name":"Mapit","article_modified_time":"2024-12-30T14:20:38+00:00","twitter_card":"summary_large_image","twitter_misc":{"Tempo estimado de leitura":"8 minutes"},"schema":{"@context":"https:\/\/schema.org","@graph":[{"@type":"WebPage","@id":"https:\/\/mapit.me\/pt-pt\/politica-de-cookies\/","url":"https:\/\/mapit.me\/pt-pt\/politica-de-cookies\/","name":"Pol\u00edtica de cookies - Mapit","isPartOf":{"@id":"https:\/\/mapit.me\/pt-pt\/#website"},"datePublished":"2021-03-04T05:34:56+00:00","dateModified":"2024-12-30T14:20:38+00:00","breadcrumb":{"@id":"https:\/\/mapit.me\/pt-pt\/politica-de-cookies\/#breadcrumb"},"inLanguage":"pt-PT","potentialAction":[{"@type":"ReadAction","target":["https:\/\/mapit.me\/pt-pt\/politica-de-cookies\/"]}]},{"@type":"BreadcrumbList","@id":"https:\/\/mapit.me\/pt-pt\/politica-de-cookies\/#breadcrumb","itemListElement":[{"@type":"ListItem","position":1,"name":"Portada","item":"https:\/\/mapit.me\/pt-pt\/"},{"@type":"ListItem","position":2,"name":"Pol\u00edtica de cookies"}]},{"@type":"WebSite","@id":"https:\/\/mapit.me\/pt-pt\/#website","url":"https:\/\/mapit.me\/pt-pt\/","name":"Mapit","description":"Tu moto y t\u00fa, siempre contigo","potentialAction":[{"@type":"SearchAction","target":{"@type":"EntryPoint","urlTemplate":"https:\/\/mapit.me\/pt-pt\/?s={search_term_string}"},"query-input":{"@type":"PropertyValueSpecification","valueRequired":true,"valueName":"search_term_string"}}],"inLanguage":"pt-PT"}]}},"_links":{"self":[{"href":"https:\/\/mapit.me\/pt-pt\/wp-json\/wp\/v2\/pages\/272105","targetHints":{"allow":["GET"]}}],"collection":[{"href":"https:\/\/mapit.me\/pt-pt\/wp-json\/wp\/v2\/pages"}],"about":[{"href":"https:\/\/mapit.me\/pt-pt\/wp-json\/wp\/v2\/types\/page"}],"author":[{"embeddable":true,"href":"https:\/\/mapit.me\/pt-pt\/wp-json\/wp\/v2\/users\/7"}],"replies":[{"embeddable":true,"href":"https:\/\/mapit.me\/pt-pt\/wp-json\/wp\/v2\/comments?post=272105"}],"version-history":[{"count":8,"href":"https:\/\/mapit.me\/pt-pt\/wp-json\/wp\/v2\/pages\/272105\/revisions"}],"predecessor-version":[{"id":272131,"href":"https:\/\/mapit.me\/pt-pt\/wp-json\/wp\/v2\/pages\/272105\/revisions\/272131"}],"wp:attachment":[{"href":"https:\/\/mapit.me\/pt-pt\/wp-json\/wp\/v2\/media?parent=272105"}],"wp:term":[{"taxonomy":"category","embeddable":true,"href":"https:\/\/mapit.me\/pt-pt\/wp-json\/wp\/v2\/categories?post=272105"},{"taxonomy":"post_tag","embeddable":true,"href":"https:\/\/mapit.me\/pt-pt\/wp-json\/wp\/v2\/tags?post=272105"}],"curies":[{"name":"wp","href":"https:\/\/api.w.org\/{rel}","templated":true}]}}