{"id":271841,"date":"2024-11-13T16:35:14","date_gmt":"2024-11-13T15:35:14","guid":{"rendered":"https:\/\/mapit.me\/icex-feder\/"},"modified":"2025-01-31T11:36:16","modified_gmt":"2025-01-31T10:36:16","slug":"icex-feder","status":"publish","type":"page","link":"https:\/\/mapit.me\/pt-pt\/icex-feder\/","title":{"rendered":"Icex-Feder"},"content":{"rendered":"<p>[et_pb_section fb_built=&#8221;1&#8243; _builder_version=&#8221;4.23.1&#8243; _module_preset=&#8221;default&#8221; custom_margin=&#8221;100px|0px|0px|0px|false|true&#8221; custom_padding=&#8221;0px|0px|90px|0px|false|true&#8221; global_colors_info=&#8221;{}&#8221;][et_pb_row use_custom_gutter=&#8221;on&#8221; gutter_width=&#8221;1&#8243; make_equal=&#8221;on&#8221; custom_padding_last_edited=&#8221;on|phone&#8221; _builder_version=&#8221;4.23.1&#8243; _module_preset=&#8221;default&#8221; width=&#8221;100%&#8221; module_alignment=&#8221;center&#8221; custom_margin=&#8221;0px|0px|0px|0px|true|true&#8221; custom_padding=&#8221;0px|0px|60px|0px|false|true&#8221; custom_padding_tablet=&#8221;|20px|60px|20px|false|true&#8221; custom_padding_phone=&#8221;0px|20px|60px|20px|false|true&#8221; global_colors_info=&#8221;{}&#8221;][et_pb_column type=&#8221;4_4&#8243; _builder_version=&#8221;4.16&#8243; _module_preset=&#8221;default&#8221; global_colors_info=&#8221;{}&#8221;][et_pb_image src=&#8221;https:\/\/mapit.me\/wp-content\/uploads\/2024\/11\/PRTR.png&#8221; title_text=&#8221;PRTR&#8221; src_tablet=&#8221;https:\/\/mapit.me\/wp-content\/uploads\/2024\/11\/PRTR.png&#8221; src_phone=&#8221;https:\/\/mapit.me\/wp-content\/uploads\/2024\/11\/PRTR.png&#8221; src_last_edited=&#8221;on|desktop&#8221; _builder_version=&#8221;4.19.5&#8243; _module_preset=&#8221;default&#8221; custom_margin=&#8221;0px|0px|0px|0px|true|true&#8221; custom_padding=&#8221;0px|0px|32px|0px|false|true&#8221; custom_padding_tablet=&#8221;||32px||false|false&#8221; custom_padding_phone=&#8221;0px|0px|30px|0px|false|true&#8221; custom_padding_last_edited=&#8221;on|phone&#8221; global_colors_info=&#8221;{}&#8221;][\/et_pb_image][et_pb_image src=&#8221;https:\/\/mapit.me\/wp-content\/uploads\/2024\/11\/logo-icexnext-1.png&#8221; title_text=&#8221;logo-icexnext&#8221; src_tablet=&#8221;https:\/\/mapit.me\/wp-content\/uploads\/2024\/11\/logo-icexnext-1.png&#8221; src_phone=&#8221;https:\/\/mapit.me\/wp-content\/uploads\/2024\/11\/logo-icex.png&#8221; src_last_edited=&#8221;on|tablet&#8221; _builder_version=&#8221;4.16&#8243; _module_preset=&#8221;default&#8221; custom_margin=&#8221;0px|0px|0px|0px|true|true&#8221; custom_padding=&#8221;0px|0px|32px|0px|false|true&#8221; custom_padding_tablet=&#8221;||32px||false|false&#8221; custom_padding_phone=&#8221;0px|0px|30px|0px|false|true&#8221; custom_padding_last_edited=&#8221;on|phone&#8221; global_colors_info=&#8221;{}&#8221;][\/et_pb_image][et_pb_image src=&#8221;https:\/\/mapit.me\/wp-content\/uploads\/2024\/11\/redes-y-tr.svg&#8221; title_text=&#8221;redes y tr&#8221; _builder_version=&#8221;4.16&#8243; _module_preset=&#8221;default&#8221; custom_margin=&#8221;0px|0px|0px|0px|true|true&#8221; custom_padding=&#8221;0px|0px|32px|0px|false|true&#8221; custom_padding_tablet=&#8221;||32px||false|true&#8221; custom_padding_phone=&#8221;0px|0px||0px|false|true&#8221; custom_padding_last_edited=&#8221;on|phone&#8221; global_colors_info=&#8221;{}&#8221;][\/et_pb_image][et_pb_image src=&#8221;https:\/\/mapit.me\/wp-content\/uploads\/2024\/11\/Logo-FEDER.svg&#8221; title_text=&#8221;Logo-FEDER&#8221; _builder_version=&#8221;4.16&#8243; _module_preset=&#8221;default&#8221; custom_margin=&#8221;0px|0px|0px|0px|true|true&#8221; custom_padding=&#8221;0px|0px|0px|0px|true|true&#8221; custom_padding_tablet=&#8221;||||false|true&#8221; custom_padding_phone=&#8221;0px|0px|0px|0px|false|true&#8221; custom_padding_last_edited=&#8221;on|phone&#8221; global_colors_info=&#8221;{}&#8221;][\/et_pb_image][et_pb_image src=&#8221;https:\/\/mapit.me\/wp-content\/uploads\/2025\/01\/Logos-Mentoring_Black_NEW2025.png&#8221; _builder_version=&#8221;4.23.1&#8243; _module_preset=&#8221;default&#8221; title_text=&#8221;Logos Mentoring_Black_NEW2025&#8243; custom_margin=&#8221;30px||||false|false&#8221; hover_enabled=&#8221;0&#8243; sticky_enabled=&#8221;0&#8243;][\/et_pb_image][\/et_pb_column][\/et_pb_row][et_pb_row custom_padding_last_edited=&#8221;on|desktop&#8221; _builder_version=&#8221;4.23.1&#8243; _module_preset=&#8221;default&#8221; width=&#8221;100%&#8221; module_alignment=&#8221;center&#8221; custom_margin=&#8221;0px|0px|0px|0px|true|true&#8221; custom_padding=&#8221;0px|0px|0px|0px|true|true&#8221; custom_padding_tablet=&#8221;0px|20px|0px|20px|true|true&#8221; custom_padding_phone=&#8221;0px|20px|0px|20px|true|true&#8221; global_colors_info=&#8221;{}&#8221;][et_pb_column type=&#8221;4_4&#8243; _builder_version=&#8221;4.16&#8243; _module_preset=&#8221;default&#8221; global_colors_info=&#8221;{}&#8221;][et_pb_text _builder_version=&#8221;4.23.1&#8243; _module_preset=&#8221;default&#8221; text_text_color=&#8221;#666666&#8243; text_font_size=&#8221;1em&#8221; header_font=&#8221;Proxima Nova Bold||||||||&#8221; header_text_align=&#8221;left&#8221; header_text_color=&#8221;#222222&#8243; header_font_size=&#8221;36px&#8221; header_line_height=&#8221;1.2em&#8221; width=&#8221;100%&#8221; module_alignment=&#8221;center&#8221; custom_margin=&#8221;0px|0px|0px|0px|true|true&#8221; custom_padding=&#8221;0px|0px|0px|0px|true|true&#8221; global_colors_info=&#8221;{}&#8221; content__hover_enabled=&#8221;on|desktop&#8221; content__hover=&#8221;<\/p>\n<h1>ICEX Next e FEDER<\/h1>\n<p>A Mapit, no \u00e2mbito do Programa de Inicia\u00e7\u00e3o \u00e0 Exporta\u00e7\u00e3o <a href=%22https:\/\/icexnext.es\/%22 data-et-target-link=%22_blank%22 rel=%22noopener%22 title=%22Programa de Inicia\u00e7\u00e3o \u00e0 Exporta\u00e7\u00e3o%22><strong>ICEX Next<\/strong><\/a>, ha contou com o apoio do <a href=%22https:\/\/www.icex.es%22 data-et-target-link=%22_blank%22 rel=%22noopener%22 title=%22Espa\u00f1a Exportaci\u00f3n e Inversi\u00f3n%22><strong>ICEX<\/strong><\/a> e com o cofinanciamento do <strong>Fundo Europeu de Desenvolvimento Regional<\/strong> (FEDER) cujo objetivo \u00e9 promover a investiga\u00e7\u00e3o, o desenvolvimento tecnol\u00f3gico e a inova\u00e7\u00e3o.<\/p>\n<p>O objetivo deste apoio \u00e9 melhorar a competitividade global da Mapit. Os resultados obtidos incluem uma proposta de valor melhorada e um modelo de neg\u00f3cio adaptado ao novo ambiente comercial internacional da empresa. <\/p>\n<p>O apoio da subven\u00e7\u00e3o da <a href=%22https:\/\/www.red.es\/es%22 data-et-target-link=%22_blank%22 rel=%22noopener%22><strong>RED.ES<\/strong><\/a> foi direcionado para a evolu\u00e7\u00e3o do produto, especificamente para a industrializa\u00e7\u00e3o do novo dispositivo com suporte 4G LTE, dete\u00e7\u00e3o avan\u00e7ada de movimentos e conex\u00e3o ao barramento de dados da moto. Isto permitiu \u00e0 Mapit oferecer uma gama de servi\u00e7os mais adaptada \u00e0s necessidades dos nossos clientes. <\/p>\n<p><strong>Uma forma de fazer a Europa<\/strong><\/p>\n<p>&#8220;]<\/p>\n<h1>ICEX Next e FEDER<\/h1>\n<p>A Mapit, no \u00e2mbito do Programa de Inicia\u00e7\u00e3o \u00e0 Exporta\u00e7\u00e3o <a href=\"https:\/\/icexnext.es\/\" target=\"_blank\" rel=\"noopener\" title=\"Programa de Inicia\u00e7\u00e3o \u00e0 Exporta\u00e7\u00e3o\"><strong>ICEX Next<\/strong><\/a>, contou com o apoio do <a href=\"https:\/\/www.icex.es\" target=\"_blank\" rel=\"noopener\" title=\"Espa\u00f1a Exportaci\u00f3n e Inversi\u00f3n\"><strong>ICEX<\/strong><\/a> e com o cofinanciamento do <strong>Fundo Europeu de Desenvolvimento Regional<\/strong> (FEDER) cujo objetivo \u00e9 promover a investiga\u00e7\u00e3o, o desenvolvimento tecnol\u00f3gico e a inova\u00e7\u00e3o.<\/p>\n<p>O objetivo deste apoio \u00e9 melhorar a competitividade global da Mapit. Os resultados obtidos incluem uma proposta de valor melhorada e um modelo de neg\u00f3cio adaptado ao novo ambiente comercial internacional da empresa. <\/p>\n<p>O apoio da subven\u00e7\u00e3o da <a href=\"https:\/\/www.red.es\/es\" target=\"_blank\" rel=\"noopener\"><strong>RED.ES<\/strong><\/a> foi direcionado para a evolu\u00e7\u00e3o do produto, especificamente para a industrializa\u00e7\u00e3o do novo dispositivo com suporte 4G LTE, dete\u00e7\u00e3o avan\u00e7ada de movimentos e conex\u00e3o ao barramento de dados da moto. Isto permitiu \u00e0 Mapit oferecer uma gama de servi\u00e7os mais adaptada \u00e0s necessidades dos nossos clientes. <\/p>\n<p><strong>Uma forma de fazer a Europa<\/strong><\/p>\n<p>[\/et_pb_text][et_pb_button button_url=&#8221;https:\/\/mapit.me\/wp-content\/uploads\/2022\/03\/ICEX-FEDER.pdf&#8221; url_new_window=&#8221;on&#8221; button_text=&#8221;+ informa\u00e7\u00e3o&#8221; _builder_version=&#8221;4.23.1&#8243; _module_preset=&#8221;default&#8221; custom_button=&#8221;on&#8221; button_text_size=&#8221;15px&#8221; button_bg_color=&#8221;RGBA(255,255,255,0)&#8221; button_border_width=&#8221;0px&#8221; button_border_radius=&#8221;4px&#8221; button_font=&#8221;Proxima Nova Semibold||||on||||&#8221; button_use_icon=&#8221;off&#8221; custom_margin=&#8221;40px|0px|0px|0px|false|true&#8221; custom_padding=&#8221;0px|0px|0px|0px|false|true&#8221; global_colors_info=&#8221;{}&#8221;][\/et_pb_button][\/et_pb_column][\/et_pb_row][\/et_pb_section]<\/p>\n","protected":false},"excerpt":{"rendered":"<p>ICEX Next e FEDER A Mapit, no \u00e2mbito do Programa de Inicia\u00e7\u00e3o \u00e0 Exporta\u00e7\u00e3o ICEX Next, contou com o apoio do ICEX e com o cofinanciamento do Fundo Europeu de Desenvolvimento Regional (FEDER) cujo objetivo \u00e9 promover a investiga\u00e7\u00e3o, o desenvolvimento tecnol\u00f3gico e a inova\u00e7\u00e3o. O objetivo deste apoio \u00e9 melhorar a competitividade global da [&hellip;]<\/p>\n","protected":false},"author":4,"featured_media":0,"parent":0,"menu_order":0,"comment_status":"closed","ping_status":"closed","template":"","meta":{"_et_pb_use_builder":"on","_et_pb_old_content":"","_et_gb_content_width":"","inline_featured_image":false,"footnotes":""},"categories":[],"tags":[],"class_list":["post-271841","page","type-page","status-publish","hentry"],"yoast_head":"<!-- This site is optimized with the Yoast SEO plugin v27.2 - https:\/\/yoast.com\/product\/yoast-seo-wordpress\/ -->\n<title>Icex-Feder - Mapit<\/title>\n<meta name=\"robots\" content=\"index, follow, max-snippet:-1, max-image-preview:large, max-video-preview:-1\" \/>\n<link rel=\"canonical\" href=\"https:\/\/mapit.me\/pt-pt\/icex-feder\/\" \/>\n<meta property=\"og:locale\" content=\"pt_PT\" \/>\n<meta property=\"og:type\" content=\"article\" \/>\n<meta property=\"og:title\" content=\"Icex-Feder - Mapit\" \/>\n<meta property=\"og:description\" content=\"ICEX Next e FEDER A Mapit, no \u00e2mbito do Programa de Inicia\u00e7\u00e3o \u00e0 Exporta\u00e7\u00e3o ICEX Next, contou com o apoio do ICEX e com o cofinanciamento do Fundo Europeu de Desenvolvimento Regional (FEDER) cujo objetivo \u00e9 promover a investiga\u00e7\u00e3o, o desenvolvimento tecnol\u00f3gico e a inova\u00e7\u00e3o. O objetivo deste apoio \u00e9 melhorar a competitividade global da [&hellip;]\" \/>\n<meta property=\"og:url\" content=\"https:\/\/mapit.me\/pt-pt\/icex-feder\/\" \/>\n<meta property=\"og:site_name\" content=\"Mapit\" \/>\n<meta property=\"article:modified_time\" content=\"2025-01-31T10:36:16+00:00\" \/>\n<meta name=\"twitter:card\" content=\"summary_large_image\" \/>\n<meta name=\"twitter:label1\" content=\"Tempo estimado de leitura\" \/>\n\t<meta name=\"twitter:data1\" content=\"5 minutes\" \/>\n<script type=\"application\/ld+json\" class=\"yoast-schema-graph\">{\"@context\":\"https:\/\/schema.org\",\"@graph\":[{\"@type\":\"WebPage\",\"@id\":\"https:\/\/mapit.me\/pt-pt\/icex-feder\/\",\"url\":\"https:\/\/mapit.me\/pt-pt\/icex-feder\/\",\"name\":\"Icex-Feder - Mapit\",\"isPartOf\":{\"@id\":\"https:\/\/mapit.me\/pt-pt\/#website\"},\"datePublished\":\"2024-11-13T15:35:14+00:00\",\"dateModified\":\"2025-01-31T10:36:16+00:00\",\"breadcrumb\":{\"@id\":\"https:\/\/mapit.me\/pt-pt\/icex-feder\/#breadcrumb\"},\"inLanguage\":\"pt-PT\",\"potentialAction\":[{\"@type\":\"ReadAction\",\"target\":[\"https:\/\/mapit.me\/pt-pt\/icex-feder\/\"]}]},{\"@type\":\"BreadcrumbList\",\"@id\":\"https:\/\/mapit.me\/pt-pt\/icex-feder\/#breadcrumb\",\"itemListElement\":[{\"@type\":\"ListItem\",\"position\":1,\"name\":\"Portada\",\"item\":\"https:\/\/mapit.me\/pt-pt\/\"},{\"@type\":\"ListItem\",\"position\":2,\"name\":\"Icex-Feder\"}]},{\"@type\":\"WebSite\",\"@id\":\"https:\/\/mapit.me\/pt-pt\/#website\",\"url\":\"https:\/\/mapit.me\/pt-pt\/\",\"name\":\"Mapit\",\"description\":\"Tu moto y t\u00fa, siempre contigo\",\"potentialAction\":[{\"@type\":\"SearchAction\",\"target\":{\"@type\":\"EntryPoint\",\"urlTemplate\":\"https:\/\/mapit.me\/pt-pt\/?s={search_term_string}\"},\"query-input\":{\"@type\":\"PropertyValueSpecification\",\"valueRequired\":true,\"valueName\":\"search_term_string\"}}],\"inLanguage\":\"pt-PT\"}]}<\/script>\n<!-- \/ Yoast SEO plugin. -->","yoast_head_json":{"title":"Icex-Feder - Mapit","robots":{"index":"index","follow":"follow","max-snippet":"max-snippet:-1","max-image-preview":"max-image-preview:large","max-video-preview":"max-video-preview:-1"},"canonical":"https:\/\/mapit.me\/pt-pt\/icex-feder\/","og_locale":"pt_PT","og_type":"article","og_title":"Icex-Feder - Mapit","og_description":"ICEX Next e FEDER A Mapit, no \u00e2mbito do Programa de Inicia\u00e7\u00e3o \u00e0 Exporta\u00e7\u00e3o ICEX Next, contou com o apoio do ICEX e com o cofinanciamento do Fundo Europeu de Desenvolvimento Regional (FEDER) cujo objetivo \u00e9 promover a investiga\u00e7\u00e3o, o desenvolvimento tecnol\u00f3gico e a inova\u00e7\u00e3o. O objetivo deste apoio \u00e9 melhorar a competitividade global da [&hellip;]","og_url":"https:\/\/mapit.me\/pt-pt\/icex-feder\/","og_site_name":"Mapit","article_modified_time":"2025-01-31T10:36:16+00:00","twitter_card":"summary_large_image","twitter_misc":{"Tempo estimado de leitura":"5 minutes"},"schema":{"@context":"https:\/\/schema.org","@graph":[{"@type":"WebPage","@id":"https:\/\/mapit.me\/pt-pt\/icex-feder\/","url":"https:\/\/mapit.me\/pt-pt\/icex-feder\/","name":"Icex-Feder - Mapit","isPartOf":{"@id":"https:\/\/mapit.me\/pt-pt\/#website"},"datePublished":"2024-11-13T15:35:14+00:00","dateModified":"2025-01-31T10:36:16+00:00","breadcrumb":{"@id":"https:\/\/mapit.me\/pt-pt\/icex-feder\/#breadcrumb"},"inLanguage":"pt-PT","potentialAction":[{"@type":"ReadAction","target":["https:\/\/mapit.me\/pt-pt\/icex-feder\/"]}]},{"@type":"BreadcrumbList","@id":"https:\/\/mapit.me\/pt-pt\/icex-feder\/#breadcrumb","itemListElement":[{"@type":"ListItem","position":1,"name":"Portada","item":"https:\/\/mapit.me\/pt-pt\/"},{"@type":"ListItem","position":2,"name":"Icex-Feder"}]},{"@type":"WebSite","@id":"https:\/\/mapit.me\/pt-pt\/#website","url":"https:\/\/mapit.me\/pt-pt\/","name":"Mapit","description":"Tu moto y t\u00fa, siempre contigo","potentialAction":[{"@type":"SearchAction","target":{"@type":"EntryPoint","urlTemplate":"https:\/\/mapit.me\/pt-pt\/?s={search_term_string}"},"query-input":{"@type":"PropertyValueSpecification","valueRequired":true,"valueName":"search_term_string"}}],"inLanguage":"pt-PT"}]}},"_links":{"self":[{"href":"https:\/\/mapit.me\/pt-pt\/wp-json\/wp\/v2\/pages\/271841","targetHints":{"allow":["GET"]}}],"collection":[{"href":"https:\/\/mapit.me\/pt-pt\/wp-json\/wp\/v2\/pages"}],"about":[{"href":"https:\/\/mapit.me\/pt-pt\/wp-json\/wp\/v2\/types\/page"}],"author":[{"embeddable":true,"href":"https:\/\/mapit.me\/pt-pt\/wp-json\/wp\/v2\/users\/4"}],"replies":[{"embeddable":true,"href":"https:\/\/mapit.me\/pt-pt\/wp-json\/wp\/v2\/comments?post=271841"}],"version-history":[{"count":6,"href":"https:\/\/mapit.me\/pt-pt\/wp-json\/wp\/v2\/pages\/271841\/revisions"}],"predecessor-version":[{"id":272484,"href":"https:\/\/mapit.me\/pt-pt\/wp-json\/wp\/v2\/pages\/271841\/revisions\/272484"}],"wp:attachment":[{"href":"https:\/\/mapit.me\/pt-pt\/wp-json\/wp\/v2\/media?parent=271841"}],"wp:term":[{"taxonomy":"category","embeddable":true,"href":"https:\/\/mapit.me\/pt-pt\/wp-json\/wp\/v2\/categories?post=271841"},{"taxonomy":"post_tag","embeddable":true,"href":"https:\/\/mapit.me\/pt-pt\/wp-json\/wp\/v2\/tags?post=271841"}],"curies":[{"name":"wp","href":"https:\/\/api.w.org\/{rel}","templated":true}]}}