{"id":271844,"date":"2024-11-13T16:35:14","date_gmt":"2024-11-13T15:35:14","guid":{"rendered":"https:\/\/mapit.me\/icex-feder\/"},"modified":"2025-01-31T11:35:12","modified_gmt":"2025-01-31T10:35:12","slug":"icex-feder","status":"publish","type":"page","link":"https:\/\/mapit.me\/en\/icex-feder\/","title":{"rendered":"Icex-Feder"},"content":{"rendered":"<p>[et_pb_section fb_built=&#8221;1&#8243; _builder_version=&#8221;4.23.1&#8243; _module_preset=&#8221;default&#8221; custom_margin=&#8221;100px|0px|0px|0px|false|true&#8221; custom_padding=&#8221;0px|0px|90px|0px|false|true&#8221; global_colors_info=&#8221;{}&#8221;][et_pb_row use_custom_gutter=&#8221;on&#8221; gutter_width=&#8221;1&#8243; make_equal=&#8221;on&#8221; custom_padding_last_edited=&#8221;on|phone&#8221; _builder_version=&#8221;4.23.1&#8243; _module_preset=&#8221;default&#8221; width=&#8221;100%&#8221; module_alignment=&#8221;center&#8221; custom_margin=&#8221;0px|0px|0px|0px|true|true&#8221; custom_padding=&#8221;0px|0px|60px|0px|false|true&#8221; custom_padding_tablet=&#8221;|20px|60px|20px|false|true&#8221; custom_padding_phone=&#8221;0px|20px|60px|20px|false|true&#8221; global_colors_info=&#8221;{}&#8221;][et_pb_column type=&#8221;4_4&#8243; _builder_version=&#8221;4.16&#8243; _module_preset=&#8221;default&#8221; global_colors_info=&#8221;{}&#8221;][et_pb_image src=&#8221;https:\/\/mapit.me\/wp-content\/uploads\/2024\/11\/PRTR.png&#8221; title_text=&#8221;PRTR&#8221; src_tablet=&#8221;https:\/\/mapit.me\/wp-content\/uploads\/2024\/11\/PRTR.png&#8221; src_phone=&#8221;https:\/\/mapit.me\/wp-content\/uploads\/2024\/11\/PRTR.png&#8221; src_last_edited=&#8221;on|desktop&#8221; _builder_version=&#8221;4.19.5&#8243; _module_preset=&#8221;default&#8221; custom_margin=&#8221;0px|0px|0px|0px|true|true&#8221; custom_padding=&#8221;0px|0px|32px|0px|false|true&#8221; custom_padding_tablet=&#8221;||32px||false|false&#8221; custom_padding_phone=&#8221;0px|0px|30px|0px|false|true&#8221; custom_padding_last_edited=&#8221;on|phone&#8221; global_colors_info=&#8221;{}&#8221;][\/et_pb_image][et_pb_image src=&#8221;https:\/\/mapit.me\/wp-content\/uploads\/2024\/11\/logo-icexnext-1.png&#8221; title_text=&#8221;logo-icexnext&#8221; src_tablet=&#8221;https:\/\/mapit.me\/wp-content\/uploads\/2024\/11\/logo-icexnext-1.png&#8221; src_phone=&#8221;https:\/\/mapit.me\/wp-content\/uploads\/2024\/11\/logo-icex.png&#8221; src_last_edited=&#8221;on|tablet&#8221; _builder_version=&#8221;4.16&#8243; _module_preset=&#8221;default&#8221; custom_margin=&#8221;0px|0px|0px|0px|true|true&#8221; custom_padding=&#8221;0px|0px|32px|0px|false|true&#8221; custom_padding_tablet=&#8221;||32px||false|false&#8221; custom_padding_phone=&#8221;0px|0px|30px|0px|false|true&#8221; custom_padding_last_edited=&#8221;on|phone&#8221; global_colors_info=&#8221;{}&#8221;][\/et_pb_image][et_pb_image src=&#8221;https:\/\/mapit.me\/wp-content\/uploads\/2024\/11\/redes-y-tr.svg&#8221; title_text=&#8221;redes y tr&#8221; _builder_version=&#8221;4.16&#8243; _module_preset=&#8221;default&#8221; custom_margin=&#8221;0px|0px|0px|0px|true|true&#8221; custom_padding=&#8221;0px|0px|32px|0px|false|true&#8221; custom_padding_tablet=&#8221;||32px||false|true&#8221; custom_padding_phone=&#8221;0px|0px||0px|false|true&#8221; custom_padding_last_edited=&#8221;on|phone&#8221; global_colors_info=&#8221;{}&#8221;][\/et_pb_image][et_pb_image src=&#8221;https:\/\/mapit.me\/wp-content\/uploads\/2024\/11\/Logo-FEDER.svg&#8221; title_text=&#8221;Logo-FEDER&#8221; _builder_version=&#8221;4.16&#8243; _module_preset=&#8221;default&#8221; custom_margin=&#8221;0px|0px|0px|0px|true|true&#8221; custom_padding=&#8221;0px|0px|0px|0px|true|true&#8221; custom_padding_tablet=&#8221;||||false|true&#8221; custom_padding_phone=&#8221;0px|0px|0px|0px|false|true&#8221; custom_padding_last_edited=&#8221;on|phone&#8221; global_colors_info=&#8221;{}&#8221;][\/et_pb_image][et_pb_image src=&#8221;https:\/\/mapit.me\/wp-content\/uploads\/2025\/01\/Logos-Mentoring_Black_NEW2025.png&#8221; _builder_version=&#8221;4.23.1&#8243; _module_preset=&#8221;default&#8221; title_text=&#8221;Logos Mentoring_Black_NEW2025&#8243; hover_enabled=&#8221;0&#8243; sticky_enabled=&#8221;0&#8243; custom_margin=&#8221;30px||||false|false&#8221;][\/et_pb_image][\/et_pb_column][\/et_pb_row][et_pb_row custom_padding_last_edited=&#8221;on|desktop&#8221; _builder_version=&#8221;4.23.1&#8243; _module_preset=&#8221;default&#8221; width=&#8221;100%&#8221; module_alignment=&#8221;center&#8221; custom_margin=&#8221;0px|0px|0px|0px|true|true&#8221; custom_padding=&#8221;0px|0px|0px|0px|true|true&#8221; custom_padding_tablet=&#8221;0px|20px|0px|20px|true|true&#8221; custom_padding_phone=&#8221;0px|20px|0px|20px|true|true&#8221; global_colors_info=&#8221;{}&#8221;][et_pb_column type=&#8221;4_4&#8243; _builder_version=&#8221;4.16&#8243; _module_preset=&#8221;default&#8221; global_colors_info=&#8221;{}&#8221;][et_pb_text _builder_version=&#8221;4.23.1&#8243; _module_preset=&#8221;default&#8221; text_text_color=&#8221;#666666&#8243; text_font_size=&#8221;1em&#8221; header_font=&#8221;Proxima Nova Bold||||||||&#8221; header_text_align=&#8221;left&#8221; header_text_color=&#8221;#222222&#8243; header_font_size=&#8221;36px&#8221; header_line_height=&#8221;1.2em&#8221; width=&#8221;100%&#8221; module_alignment=&#8221;center&#8221; custom_margin=&#8221;0px|0px|0px|0px|true|true&#8221; custom_padding=&#8221;0px|0px|0px|0px|true|true&#8221; global_colors_info=&#8221;{}&#8221; content__hover_enabled=&#8221;on|desktop&#8221; content__hover=&#8221;<\/p>\n<h1>ICEX Next and FEDER<\/h1>\n<p>Mapit, within the framework of the <a href=%22https:\/\/icexnext.es\/%22 data-et-target-link=%22_blank%22 rel=%22noopener%22 title=%22Export Initiation Program%22><strong>ICEX Next Export Initiation Program<\/strong><\/a>, has received support from <a href=%22https:\/\/www.icex.es%22 data-et-target-link=%22_blank%22 rel=%22noopener%22 title=%22Espa\u00f1a Exportaci\u00f3n e Inversi\u00f3n%22><strong>ICEX<\/strong><\/a> and co-financing from the <strong>European Regional Development Fund<\/strong> (FEDER) whose goal is to promote research, technological development, and innovation.<\/p>\n<p>The purpose of this support is to enhance Mapit\u2019s global competitiveness. The results achieved include an improved value proposition and a business model tailored to the company\u2019s new international commercial environment.<\/p>\n<p>The <a href=%22https:\/\/www.red.es\/es%22 data-et-target-link=%22_blank%22 rel=%22noopener%22><strong>RED.ES<\/strong><\/a> grant funding was directed toward product development, specifically the industrialization of the new device with 4G LTE support, advanced motion detection, and integration with the motorcycle\u2019s data bus. This has enabled Mapit to offer services better aligned with the needs of our customers.<\/p>\n<p><strong>A way to build Europe<\/strong><\/p>\n<p>&#8220;]<\/p>\n<h1>ICEX Next and FEDER<\/h1>\n<p>Mapit, within the framework of the <a href=\"https:\/\/icexnext.es\/\" target=\"_blank\" rel=\"noopener\" title=\"Export Initiation Program\"><strong>ICEX Next Export Initiation Program<\/strong><\/a>, has received support from <a href=\"https:\/\/www.icex.es\" target=\"_blank\" rel=\"noopener\" title=\"Espa\u00f1a Exportaci\u00f3n e Inversi\u00f3n\"><strong>ICEX<\/strong><\/a> and co-financing from the <strong>European Regional Development Fund<\/strong> (FEDER) whose goal is to promote research, technological development, and innovation.<\/p>\n<p>The purpose of this support is to enhance Mapit\u2019s global competitiveness. The results achieved include an improved value proposition and a business model tailored to the company\u2019s new international commercial environment.<\/p>\n<p>The <a href=\"https:\/\/www.red.es\/es\" target=\"_blank\" rel=\"noopener\"><strong>RED.ES<\/strong><\/a> grant funding was directed toward product development, specifically the industrialization of the new device with 4G LTE support, advanced motion detection, and integration with the motorcycle\u2019s data bus. This has enabled Mapit to offer services better aligned with the needs of our customers.<\/p>\n<p><strong>A way to build Europe<\/strong><\/p>\n<p>[\/et_pb_text][et_pb_button button_url=&#8221;https:\/\/mapit.me\/wp-content\/uploads\/2022\/03\/ICEX-FEDER.pdf&#8221; url_new_window=&#8221;on&#8221; button_text=&#8221;+ information&#8221; _builder_version=&#8221;4.23.1&#8243; _module_preset=&#8221;default&#8221; custom_button=&#8221;on&#8221; button_text_size=&#8221;15px&#8221; button_bg_color=&#8221;RGBA(255,255,255,0)&#8221; button_border_width=&#8221;0px&#8221; button_border_radius=&#8221;4px&#8221; button_font=&#8221;Proxima Nova Semibold||||on||||&#8221; button_use_icon=&#8221;off&#8221; custom_margin=&#8221;40px|0px|0px|0px|false|true&#8221; custom_padding=&#8221;0px|0px|0px|0px|false|true&#8221; global_colors_info=&#8221;{}&#8221;][\/et_pb_button][\/et_pb_column][\/et_pb_row][\/et_pb_section]<\/p>\n","protected":false},"excerpt":{"rendered":"<p>ICEX Next and FEDER Mapit, within the framework of the ICEX Next Export Initiation Program, has received support from ICEX and co-financing from the European Regional Development Fund (FEDER) whose goal is to promote research, technological development, and innovation. The purpose of this support is to enhance Mapit\u2019s global competitiveness. The results achieved include an [&hellip;]<\/p>\n","protected":false},"author":4,"featured_media":0,"parent":0,"menu_order":0,"comment_status":"closed","ping_status":"closed","template":"","meta":{"_et_pb_use_builder":"on","_et_pb_old_content":"","_et_gb_content_width":"","inline_featured_image":false,"footnotes":""},"categories":[],"tags":[],"class_list":["post-271844","page","type-page","status-publish","hentry"],"yoast_head":"<!-- This site is optimized with the Yoast SEO plugin v27.2 - https:\/\/yoast.com\/product\/yoast-seo-wordpress\/ -->\n<title>Icex-Feder - Mapit<\/title>\n<meta name=\"robots\" content=\"index, follow, max-snippet:-1, max-image-preview:large, max-video-preview:-1\" \/>\n<link rel=\"canonical\" href=\"https:\/\/mapit.me\/en\/icex-feder\/\" \/>\n<meta property=\"og:locale\" content=\"en_US\" \/>\n<meta property=\"og:type\" content=\"article\" \/>\n<meta property=\"og:title\" content=\"Icex-Feder - Mapit\" \/>\n<meta property=\"og:description\" content=\"ICEX Next and FEDER Mapit, within the framework of the ICEX Next Export Initiation Program, has received support from ICEX and co-financing from the European Regional Development Fund (FEDER) whose goal is to promote research, technological development, and innovation. The purpose of this support is to enhance Mapit\u2019s global competitiveness. The results achieved include an [&hellip;]\" \/>\n<meta property=\"og:url\" content=\"https:\/\/mapit.me\/en\/icex-feder\/\" \/>\n<meta property=\"og:site_name\" content=\"Mapit\" \/>\n<meta property=\"article:modified_time\" content=\"2025-01-31T10:35:12+00:00\" \/>\n<meta name=\"twitter:card\" content=\"summary_large_image\" \/>\n<meta name=\"twitter:label1\" content=\"Est. reading time\" \/>\n\t<meta name=\"twitter:data1\" content=\"5 minutes\" \/>\n<script type=\"application\/ld+json\" class=\"yoast-schema-graph\">{\"@context\":\"https:\/\/schema.org\",\"@graph\":[{\"@type\":\"WebPage\",\"@id\":\"https:\/\/mapit.me\/en\/icex-feder\/\",\"url\":\"https:\/\/mapit.me\/en\/icex-feder\/\",\"name\":\"Icex-Feder - Mapit\",\"isPartOf\":{\"@id\":\"https:\/\/mapit.me\/en\/#website\"},\"datePublished\":\"2024-11-13T15:35:14+00:00\",\"dateModified\":\"2025-01-31T10:35:12+00:00\",\"breadcrumb\":{\"@id\":\"https:\/\/mapit.me\/en\/icex-feder\/#breadcrumb\"},\"inLanguage\":\"en-US\",\"potentialAction\":[{\"@type\":\"ReadAction\",\"target\":[\"https:\/\/mapit.me\/en\/icex-feder\/\"]}]},{\"@type\":\"BreadcrumbList\",\"@id\":\"https:\/\/mapit.me\/en\/icex-feder\/#breadcrumb\",\"itemListElement\":[{\"@type\":\"ListItem\",\"position\":1,\"name\":\"Portada\",\"item\":\"https:\/\/mapit.me\/en\/\"},{\"@type\":\"ListItem\",\"position\":2,\"name\":\"Icex-Feder\"}]},{\"@type\":\"WebSite\",\"@id\":\"https:\/\/mapit.me\/en\/#website\",\"url\":\"https:\/\/mapit.me\/en\/\",\"name\":\"Mapit\",\"description\":\"Tu moto y t\u00fa, siempre contigo\",\"potentialAction\":[{\"@type\":\"SearchAction\",\"target\":{\"@type\":\"EntryPoint\",\"urlTemplate\":\"https:\/\/mapit.me\/en\/?s={search_term_string}\"},\"query-input\":{\"@type\":\"PropertyValueSpecification\",\"valueRequired\":true,\"valueName\":\"search_term_string\"}}],\"inLanguage\":\"en-US\"}]}<\/script>\n<!-- \/ Yoast SEO plugin. -->","yoast_head_json":{"title":"Icex-Feder - Mapit","robots":{"index":"index","follow":"follow","max-snippet":"max-snippet:-1","max-image-preview":"max-image-preview:large","max-video-preview":"max-video-preview:-1"},"canonical":"https:\/\/mapit.me\/en\/icex-feder\/","og_locale":"en_US","og_type":"article","og_title":"Icex-Feder - Mapit","og_description":"ICEX Next and FEDER Mapit, within the framework of the ICEX Next Export Initiation Program, has received support from ICEX and co-financing from the European Regional Development Fund (FEDER) whose goal is to promote research, technological development, and innovation. The purpose of this support is to enhance Mapit\u2019s global competitiveness. The results achieved include an [&hellip;]","og_url":"https:\/\/mapit.me\/en\/icex-feder\/","og_site_name":"Mapit","article_modified_time":"2025-01-31T10:35:12+00:00","twitter_card":"summary_large_image","twitter_misc":{"Est. reading time":"5 minutes"},"schema":{"@context":"https:\/\/schema.org","@graph":[{"@type":"WebPage","@id":"https:\/\/mapit.me\/en\/icex-feder\/","url":"https:\/\/mapit.me\/en\/icex-feder\/","name":"Icex-Feder - Mapit","isPartOf":{"@id":"https:\/\/mapit.me\/en\/#website"},"datePublished":"2024-11-13T15:35:14+00:00","dateModified":"2025-01-31T10:35:12+00:00","breadcrumb":{"@id":"https:\/\/mapit.me\/en\/icex-feder\/#breadcrumb"},"inLanguage":"en-US","potentialAction":[{"@type":"ReadAction","target":["https:\/\/mapit.me\/en\/icex-feder\/"]}]},{"@type":"BreadcrumbList","@id":"https:\/\/mapit.me\/en\/icex-feder\/#breadcrumb","itemListElement":[{"@type":"ListItem","position":1,"name":"Portada","item":"https:\/\/mapit.me\/en\/"},{"@type":"ListItem","position":2,"name":"Icex-Feder"}]},{"@type":"WebSite","@id":"https:\/\/mapit.me\/en\/#website","url":"https:\/\/mapit.me\/en\/","name":"Mapit","description":"Tu moto y t\u00fa, siempre contigo","potentialAction":[{"@type":"SearchAction","target":{"@type":"EntryPoint","urlTemplate":"https:\/\/mapit.me\/en\/?s={search_term_string}"},"query-input":{"@type":"PropertyValueSpecification","valueRequired":true,"valueName":"search_term_string"}}],"inLanguage":"en-US"}]}},"_links":{"self":[{"href":"https:\/\/mapit.me\/en\/wp-json\/wp\/v2\/pages\/271844","targetHints":{"allow":["GET"]}}],"collection":[{"href":"https:\/\/mapit.me\/en\/wp-json\/wp\/v2\/pages"}],"about":[{"href":"https:\/\/mapit.me\/en\/wp-json\/wp\/v2\/types\/page"}],"author":[{"embeddable":true,"href":"https:\/\/mapit.me\/en\/wp-json\/wp\/v2\/users\/4"}],"replies":[{"embeddable":true,"href":"https:\/\/mapit.me\/en\/wp-json\/wp\/v2\/comments?post=271844"}],"version-history":[{"count":3,"href":"https:\/\/mapit.me\/en\/wp-json\/wp\/v2\/pages\/271844\/revisions"}],"predecessor-version":[{"id":272483,"href":"https:\/\/mapit.me\/en\/wp-json\/wp\/v2\/pages\/271844\/revisions\/272483"}],"wp:attachment":[{"href":"https:\/\/mapit.me\/en\/wp-json\/wp\/v2\/media?parent=271844"}],"wp:term":[{"taxonomy":"category","embeddable":true,"href":"https:\/\/mapit.me\/en\/wp-json\/wp\/v2\/categories?post=271844"},{"taxonomy":"post_tag","embeddable":true,"href":"https:\/\/mapit.me\/en\/wp-json\/wp\/v2\/tags?post=271844"}],"curies":[{"name":"wp","href":"https:\/\/api.w.org\/{rel}","templated":true}]}}